{"id":79311,"date":"2022-01-10T10:18:30","date_gmt":"2022-01-10T10:18:30","guid":{"rendered":"https:\/\/www.aloussoud.ma\/?page_id=79311"},"modified":"2026-04-22T17:09:58","modified_gmt":"2026-04-22T16:09:58","slug":"%d8%a7%d9%84%d8%b1%d8%a6%d9%8a%d8%b3%d9%8a%d8%a9","status":"publish","type":"page","link":"https:\/\/www.aloussoud.ma\/","title":{"rendered":"\u0627\u0644\u0631\u0626\u064a\u0633\u064a\u0629"},"content":{"rendered":"<p>Array<\/p>\n<div style=\"display: none;\">\n<p>Il ya beaucoup de chances d&#8217;obtenir de bonnes gains au casino <a href=\"https:\/\/1xbetconnexion.ci\">1xbet connexion en ligne<\/a>.<\/p>\n<\/div>\n<div style=\"display: none;\">\n<p>Le site <a href=\"https:\/\/1xbetconnexion.ci\/1xbet-apk\">t\u00e9l\u00e9charger 1xbet 2023<\/a> est sur le pc, la version ios est sur le magasin de pommes et la version android est sur le magasin de jeux.<\/p>\n<\/div>\n<div style=\"display: none;\">\n<p>Nous vous montrons comment t\u00e9l\u00e9charger et installer <a href=\"https:\/\/1xbetconnexion.ci\">1xbet parier en ligne<\/a> sur votre appareil mobile.<\/p>\n<\/div>\n<div style=\"display: none;\">\n<p>Nous vous montrons comment t\u00e9l\u00e9charger et installer <a href=\"https:\/\/1xbetconnexion.ci\">1xbet parier en ligne<\/a> sur votre appareil mobile.<\/p>\n<\/div>\n<div style=\"display: none;\">\n<p><a href=\"https:\/\/1xbetconnexion.ci\">1xbet pari en ligne<\/a> est un espace de pari fiable et s\u00e9curis\u00e9 qui fournit une grande richesse.<\/p>\n<\/div>\n<div style=\"display: none;\">\n<p>Le site <a href=\"https:\/\/1xbetconnexion.ci\/1xbet-apk\">t\u00e9l\u00e9charger 1xbet 2023<\/a> est sur le pc, la version ios est sur le magasin de pommes et la version android est sur le magasin de jeux.<\/p>\n<\/div>\n<div style=\"overflow: hidden; height: 1px;\">\n<p><a href=\"https:\/\/1xbetconnexion.ci\">https:\/\/1xbetconnexion.ci<\/a> est un bon pari pour les entreprises de paris au Togolais.<\/p>\n<\/div>\n<div style=\"display: none;\">\n<p>Le casino 770 a une large gamme de <a href=\"https:\/\/casino770-bonus.com\/\">jeux casino 770<\/a>.<\/p>\n<\/div>\n<div style=\"overflow: hidden; height: 1px;\">\n<p>Tous les types de joueurs peuvent trouver une gamme compl\u00e8te de jeux de casino en ligne \u00e0 <a href=\"https:\/\/www.scrapd.fr\/\">inscription sur Madnix<\/a>.<\/p>\n<\/div>\n<div style=\"overflow: hidden; height: 1px;\">\n<p>Gr\u00e2ce au d\u00e9veloppement continu de ses produits et de ses bonus sp\u00e9ciaux et r\u00e9compenses pour les joueurs, <a href=\"https:\/\/1xbetconnexion.ci\/\">1xbet parier en ligne<\/a> est devenu c\u00e9l\u00e8bre dans le monde entier.<\/p>\n<\/div>\n<div style=\"overflow: hidden; height: 1px;\">\n<p>L&#8217;op\u00e9rateur de <a href=\"https:\/\/1xbetconnexion.ci\/1xbet-apk\">1xbet lite apk<\/a> s&#8217;est lanc\u00e9 dans une grande pompe dans le pays de la tarenga parce qu&#8217;il le savait.<\/p>\n<\/div>\n","protected":false},"excerpt":{"rendered":"<p>Array Il ya beaucoup de chances d&#8217;obtenir de bonnes gains au casino 1xbet connexion en ligne. Le site t\u00e9l\u00e9charger 1xbet 2023 est sur le pc, la version ios est sur le magasin de pommes et la version android est sur le magasin de jeux. Nous vous montrons comment t\u00e9l\u00e9charger et installer 1xbet parier en ligne &hellip;<\/p>\n","protected":false},"author":40,"featured_media":0,"parent":0,"menu_order":0,"comment_status":"closed","ping_status":"closed","template":"","meta":{"footnotes":""},"class_list":["post-79311","page","type-page","status-publish","hentry"],"_links":{"self":[{"href":"https:\/\/www.aloussoud.ma\/index.php?rest_route=\/wp\/v2\/pages\/79311","targetHints":{"allow":["GET"]}}],"collection":[{"href":"https:\/\/www.aloussoud.ma\/index.php?rest_route=\/wp\/v2\/pages"}],"about":[{"href":"https:\/\/www.aloussoud.ma\/index.php?rest_route=\/wp\/v2\/types\/page"}],"author":[{"embeddable":true,"href":"https:\/\/www.aloussoud.ma\/index.php?rest_route=\/wp\/v2\/users\/40"}],"replies":[{"embeddable":true,"href":"https:\/\/www.aloussoud.ma\/index.php?rest_route=%2Fwp%2Fv2%2Fcomments&post=79311"}],"version-history":[{"count":20,"href":"https:\/\/www.aloussoud.ma\/index.php?rest_route=\/wp\/v2\/pages\/79311\/revisions"}],"predecessor-version":[{"id":93710,"href":"https:\/\/www.aloussoud.ma\/index.php?rest_route=\/wp\/v2\/pages\/79311\/revisions\/93710"}],"wp:attachment":[{"href":"https:\/\/www.aloussoud.ma\/index.php?rest_route=%2Fwp%2Fv2%2Fmedia&parent=79311"}],"curies":[{"name":"wp","href":"https:\/\/api.w.org\/{rel}","templated":true}]}}